{"id":94,"date":"2016-11-06T12:59:30","date_gmt":"2016-11-06T11:59:30","guid":{"rendered":"http:\/\/geraer-mineralienfreunde.de\/gmfv4\/?page_id=94"},"modified":"2025-02-18T20:25:21","modified_gmt":"2025-02-18T19:25:21","slug":"kontakt","status":"publish","type":"page","link":"https:\/\/geraer-mineralienfreunde.de\/gmfv4\/kontakt\/","title":{"rendered":"Kontakt"},"content":{"rendered":"<h3><\/h3>\n<table border=\"0\">\n<tbody>\n<tr class=\"row-b\">\n<td class=\"first\"><strong>Position<\/strong><\/td>\n<td><strong>Name<\/strong><\/td>\n<td><strong>Telefon<\/strong><\/td>\n<\/tr>\n<tr class=\"row-a\">\n<td class=\"first\">1. Vorsitzender<\/td>\n<td>Frank Hrauda<br \/>\nZeulenrodaer Stra\u00dfe 31,<br \/>\n07549 Gera<\/td>\n<td>0176 &#8211; 43434622<\/td>\n<\/tr>\n<tr class=\"row-b\">\n<td class=\"first\">2. Vorsitzender:<\/td>\n<td>Daniel K\u00f6hler<\/td>\n<td><\/td>\n<\/tr>\n<tr class=\"row-a\">\n<td class=\"first\">Schriftf\u00fchrer:<\/td>\n<td>Christine Berulava<\/td>\n<td><\/td>\n<\/tr>\n<tr class=\"row-b\">\n<td class=\"first\">Schatzmeister:<\/td>\n<td>Matthias Kahl<\/td>\n<td><\/td>\n<\/tr>\n<tr class=\"row-a\">\n<td class=\"first\">Beisitzer:<\/td>\n<td>Hans-Georg Fr\u00f6ber<\/td>\n<td><\/td>\n<\/tr>\n<\/tbody>\n<\/table>\n<p>Bei Anfragen an den Verein oder zu dessen Homepage wenden Sie sich bitte telefonisch oder per E-Mail an unseren Vereinsvorsitzenden <a href=\"mailto:vorstand@geraer-mineralienfreunde.de?subject=Nachricht%20von%20Besucher%20der%20Vereinshomepage\">Frank Hrauda<\/a>.<\/p>\n","protected":false},"excerpt":{"rendered":"<p>Position Name Telefon 1. Vorsitzender Frank Hrauda Zeulenrodaer Stra\u00dfe 31, 07549 Gera 0176 &#8211; 43434622 2. Vorsitzender: Daniel K\u00f6hler Schriftf\u00fchrer: Christine Berulava Schatzmeister: Matthias Kahl Beisitzer: Hans-Georg Fr\u00f6ber Bei Anfragen an den Verein oder zu dessen Homepage wenden Sie sich bitte telefonisch oder per E-Mail an unseren Vereinsvorsitzenden Frank Hrauda.<\/p>\n","protected":false},"author":1,"featured_media":0,"parent":0,"menu_order":0,"comment_status":"closed","ping_status":"closed","template":"","meta":{"footnotes":""},"class_list":["post-94","page","type-page","status-publish","hentry"],"_links":{"self":[{"href":"https:\/\/geraer-mineralienfreunde.de\/gmfv4\/wp-json\/wp\/v2\/pages\/94","targetHints":{"allow":["GET"]}}],"collection":[{"href":"https:\/\/geraer-mineralienfreunde.de\/gmfv4\/wp-json\/wp\/v2\/pages"}],"about":[{"href":"https:\/\/geraer-mineralienfreunde.de\/gmfv4\/wp-json\/wp\/v2\/types\/page"}],"author":[{"embeddable":true,"href":"https:\/\/geraer-mineralienfreunde.de\/gmfv4\/wp-json\/wp\/v2\/users\/1"}],"replies":[{"embeddable":true,"href":"https:\/\/geraer-mineralienfreunde.de\/gmfv4\/wp-json\/wp\/v2\/comments?post=94"}],"version-history":[{"count":4,"href":"https:\/\/geraer-mineralienfreunde.de\/gmfv4\/wp-json\/wp\/v2\/pages\/94\/revisions"}],"predecessor-version":[{"id":651,"href":"https:\/\/geraer-mineralienfreunde.de\/gmfv4\/wp-json\/wp\/v2\/pages\/94\/revisions\/651"}],"wp:attachment":[{"href":"https:\/\/geraer-mineralienfreunde.de\/gmfv4\/wp-json\/wp\/v2\/media?parent=94"}],"curies":[{"name":"wp","href":"https:\/\/api.w.org\/{rel}","templated":true}]}}