{"id":89,"date":"2016-11-06T12:50:44","date_gmt":"2016-11-06T11:50:44","guid":{"rendered":"http:\/\/geraer-mineralienfreunde.de\/gmfv4\/?page_id=89"},"modified":"2026-02-02T19:56:40","modified_gmt":"2026-02-02T18:56:40","slug":"veranstaltungsplan-der-kinder-und-jugendgruppe-2016","status":"publish","type":"page","link":"https:\/\/geraer-mineralienfreunde.de\/gmfv4\/veranstaltungsplan-der-kinder-und-jugendgruppe-2016\/","title":{"rendered":"Vortragsrepertoire von Vereinsmitgliedern"},"content":{"rendered":"<p style=\"text-align: justify;\">\u00dcberblick \u00fcber angebotene Fachvortr\u00e4ge einiger unserer Vereinsmitglieder.<\/p>\n<table style=\"height: 323px;\" border=\"0\">\n<tbody>\n<tr class=\"row-a\" style=\"height: 70px;\">\n<td style=\"height: 70px; width: 38px;\"><\/td>\n<td style=\"height: 70px; width: 794px;\">\n<h3><strong>MATTHIAS SEHRIG<\/strong><\/h3>\n<p style=\"font-weight: 400;\">Wodka, M\u00fccken, Minerale \u2013 Im Zauber des Smaragdenwaldes<br \/>\n\u2013 Vortrag \u00fcber eine Exkursion in den mittleren Ural im Jahr 2006<\/p>\n<p style=\"font-weight: 400;\">Unterwegs im russischen Brasilien<br \/>\n\u2013 Vortag \u00fcber eine Exkursion in den mittleren und s\u00fcdlichen Ural im Jahr 2011<\/p>\n<p style=\"font-weight: 400;\">Me\u017eica \u2013 Podzemlje Pece (Die Unterwelt des Petzen)<br \/>\n\u2013 Vortrag \u00fcber eine Exkursion nach Slowenien (Cerknica und Me\u017eica) 2015<\/p>\n<p style=\"font-weight: 400;\">Srecno! Slowenien 2016<br \/>\n\u2013 Vortrag \u00fcber eine Exkursion nach Slowenien (Me\u017eica und Idrija) 2016<\/p>\n<p style=\"font-weight: 400;\">Drei Trolle in Norwegen \u2013 Sammeln bei den Wikingern<br \/>\n\u2013 Vortrag \u00fcber eine Exkursion nach Norwegen 2018<\/p>\n<p style=\"font-weight: 400;\">Gran Canaria: Lasst uns einen bechern!<br \/>\n\u2013 Vortrag \u00fcber Sammelm\u00f6glichkeiten auf der Urlaubsinsel Gran Canaria<\/p>\n<p style=\"font-weight: 400;\">Unverhofft-Gl\u00fcck-Fundgrube samt Tr\u00f6ster Stolln<br \/>\n\u2013 Die deutsche Geschichte einer Grube<\/p>\n<p style=\"font-weight: 400;\">\u2013 Vortrag \u00fcber eine historische Grube im Stadtgebiet von Plauen \/ Vogtland<\/p>\n<p style=\"font-weight: 400;\">Opale, Vulkane und ein Schuss Tokajer<br \/>\n\u2013 Vortrag \u00fcber eine Sammelexkursion in die Ost-Slowakei und nach Nord-Ungarn<\/p>\n<p style=\"font-weight: 400;\">Namibia \u2013 Sammeln unter der Sonne Afrikas<br \/>\n\u2013 Vortragsreihe \u00fcber Sammelreisen nach Namibia (6 Vortr\u00e4ge)<\/p>\n<p style=\"font-weight: 400;\">S\u00fcdafrika<br \/>\n\u2013 Vortragsreihe \u00fcber Mineralogie, Bergbau, Landschaft und Sammelm\u00f6glichkeiten in S\u00fcdafrika (u.a. \u00fcber Diamanten, Gold, Tigerauge; 3 Vortr\u00e4ge)<\/p>\n<p style=\"font-weight: 400;\">Spanische Impressionen<br \/>\n\u2013 Vortrag \u00fcber Sammelexkursionen nach Spanien<\/p>\n<p style=\"font-weight: 400;\">Hoppesche Erde \u2013 eine curi\u00f6se Materie<br \/>\n\u2013 Ein Vortrag \u00fcber ein interessantes Mineral und seine spezielle Geraer Geschichte<\/p>\n<\/td>\n<\/tr>\n<tr class=\"row-b\" style=\"height: 23px;\">\n<td style=\"height: 23px; width: 38px;\"><\/td>\n<td style=\"height: 23px; width: 794px;\">\n<h3><strong>DR. LUDWIG SENF<\/strong><\/h3>\n<p>Faseriger Asbest, bl\u00e4ttriger Glimmer und harter Topas &#8211; \u00dcber Silikate und Zusammenh\u00e4nge zwischen innerer Struktur und \u00e4u\u00dferem Habitus<\/p>\n<p>Gips und Anhydrit \u2013 Minerale mit gro\u00dfer Formenvielfalt, landschaftspr\u00e4genden Eigenschaften und umfangreichen Verwendungen<\/p>\n<p>Farben der Minerale &#8211; Ursachen und Vielfalt<\/p>\n<p>Obsidiane, Blitzr\u00f6hren und Tektite &#8211; Klassifikation und Entstehung nat\u00fcrlicher Gl\u00e4ser<\/p>\n<p>Minerale in Zechsteinfossilien<\/td>\n<\/tr>\n<tr class=\"row-a\" style=\"height: 23px;\">\n<td style=\"height: 23px; width: 38px;\"><\/td>\n<td style=\"height: 23px; width: 794px;\"><\/td>\n<\/tr>\n<tr class=\"row-b\" style=\"height: 23px;\">\n<td style=\"height: 23px; width: 38px;\"><\/td>\n<td style=\"height: 23px; width: 794px;\"><\/td>\n<\/tr>\n<tr class=\"row-a\" style=\"height: 23px;\">\n<td style=\"height: 23px; width: 38px;\"><\/td>\n<td style=\"height: 23px; width: 794px;\"><\/td>\n<\/tr>\n<tr class=\"row-b\" style=\"height: 23px;\">\n<td style=\"height: 23px; width: 38px;\"><\/td>\n<td style=\"height: 23px; width: 794px;\"><\/td>\n<\/tr>\n<tr class=\"row-a\" style=\"height: 23px;\">\n<td style=\"height: 23px; width: 38px;\"><\/td>\n<td style=\"height: 23px; width: 794px;\"><\/td>\n<\/tr>\n<tr class=\"row-b\" style=\"height: 23px;\">\n<td style=\"height: 23px; width: 38px;\"><\/td>\n<td style=\"height: 23px; width: 794px;\"><\/td>\n<\/tr>\n<tr class=\"row-a\" style=\"height: 23px;\">\n<td style=\"height: 23px; width: 38px;\"><\/td>\n<td style=\"height: 23px; width: 794px;\"><\/td>\n<\/tr>\n<tr class=\"row-b\" style=\"height: 23px;\">\n<td style=\"height: 23px; width: 38px;\"><\/td>\n<td style=\"height: 23px; width: 794px;\"><\/td>\n<\/tr>\n<tr class=\"row-a\" style=\"height: 23px;\">\n<td style=\"height: 23px; width: 38px;\"><\/td>\n<td style=\"height: 23px; width: 794px;\"><\/td>\n<\/tr>\n<tr class=\"row-b\" style=\"height: 23px;\">\n<td style=\"height: 23px; width: 38px;\"><\/td>\n<td style=\"height: 23px; width: 794px;\"><\/td>\n<\/tr>\n<\/tbody>\n<\/table>\n<p>&nbsp;<\/p>\n","protected":false},"excerpt":{"rendered":"<p>\u00dcberblick \u00fcber angebotene Fachvortr\u00e4ge einiger unserer Vereinsmitglieder. MATTHIAS SEHRIG Wodka, M\u00fccken, Minerale \u2013 Im Zauber des Smaragdenwaldes \u2013 Vortrag \u00fcber eine Exkursion in den mittleren Ural im Jahr 2006 Unterwegs im russischen Brasilien \u2013 Vortag \u00fcber eine Exkursion in den mittleren und s\u00fcdlichen Ural im Jahr 2011 Me\u017eica \u2013 Podzemlje Pece (Die Unterwelt des Petzen) [&hellip;]<\/p>\n","protected":false},"author":1,"featured_media":0,"parent":0,"menu_order":0,"comment_status":"closed","ping_status":"closed","template":"","meta":{"footnotes":""},"class_list":["post-89","page","type-page","status-publish","hentry"],"_links":{"self":[{"href":"https:\/\/geraer-mineralienfreunde.de\/gmfv4\/wp-json\/wp\/v2\/pages\/89","targetHints":{"allow":["GET"]}}],"collection":[{"href":"https:\/\/geraer-mineralienfreunde.de\/gmfv4\/wp-json\/wp\/v2\/pages"}],"about":[{"href":"https:\/\/geraer-mineralienfreunde.de\/gmfv4\/wp-json\/wp\/v2\/types\/page"}],"author":[{"embeddable":true,"href":"https:\/\/geraer-mineralienfreunde.de\/gmfv4\/wp-json\/wp\/v2\/users\/1"}],"replies":[{"embeddable":true,"href":"https:\/\/geraer-mineralienfreunde.de\/gmfv4\/wp-json\/wp\/v2\/comments?post=89"}],"version-history":[{"count":34,"href":"https:\/\/geraer-mineralienfreunde.de\/gmfv4\/wp-json\/wp\/v2\/pages\/89\/revisions"}],"predecessor-version":[{"id":712,"href":"https:\/\/geraer-mineralienfreunde.de\/gmfv4\/wp-json\/wp\/v2\/pages\/89\/revisions\/712"}],"wp:attachment":[{"href":"https:\/\/geraer-mineralienfreunde.de\/gmfv4\/wp-json\/wp\/v2\/media?parent=89"}],"curies":[{"name":"wp","href":"https:\/\/api.w.org\/{rel}","templated":true}]}}