{"id":51,"date":"2016-11-06T12:00:32","date_gmt":"2016-11-06T11:00:32","guid":{"rendered":"http:\/\/geraer-mineralienfreunde.de\/gmfv4\/?page_id=51"},"modified":"2026-05-07T20:44:37","modified_gmt":"2026-05-07T18:44:37","slug":"oeffentliche-veranstaltungen-2016","status":"publish","type":"page","link":"https:\/\/geraer-mineralienfreunde.de\/gmfv4\/oeffentliche-veranstaltungen-2016\/","title":{"rendered":"Veranstaltungen des Vereins 2026"},"content":{"rendered":"<p style=\"text-align: justify;\">Vortragsveranstaltungen des Vereins finden im Museum f\u00fcr Naturkunde Gera (Nicolaiberg 3, 07545 Gera) statt. Nach Vortragsbeginn besteht keine M\u00f6glichkeit zum Einlass mehr. Die Vereinsmitglieder und G\u00e4ste k\u00f6nnen sich bereits ab 17.00 Uhr treffen. Die Jahreshauptversammlung ist intern.<\/p>\n<p style=\"text-align: justify;\">Wir freuen uns \u00fcber Ihren Besuch unserer \u00f6ffentlichen Veranstaltungen! Alle Angaben ohne Gew\u00e4hr.<\/p>\n<table style=\"height: 776px;\" border=\"0\">\n<tbody>\n<tr class=\"row-a\" style=\"height: 49px;\">\n<td style=\"height: 49px;\"><strong>Freitag, 20. Februar 2026, 18.00 Uhr<br \/>\n<\/strong>Bildvortrag &#8222;Amethyst &#8211; ein &#8218;Omastein&#8216; in einer Farbe, die es nicht gibt!?&#8220;<br \/>\nReferent: Herr Dr. J\u00fcrgen Weyer \/ Freiberg<\/td>\n<td style=\"height: 49px;\"><\/td>\n<\/tr>\n<tr class=\"row-b\" style=\"height: 49px;\">\n<td style=\"height: 49px;\"><strong>Samstag, 28. Februar 2026 MINERALIEN-LIEBHABER-TAG (im Museum f\u00fcr Naturkunde Gera)<\/strong><br \/>\n11.15 UHR: F\u00fchrung durch beteiligte Sammler in der Ausstellung \u201cGESUCHT UND GEFUNDEN \u2013 Bemerkenswerte Eigenfunde der Geraer Mineralien-<br \/>\nund Fossilienfreunde der vergangenen 10 Jahre\u201d<br \/>\n12.00 bis 13.00 UHR: Gespr\u00e4chsrunde mit Sammlern rund um aktuelle Fundm\u00f6glichkeiten, Sammeltipps bis hin zu Reinigungshinweisen<br \/>\nvon Mineralien (FRAGEN SIE ALLES!)<br \/>\n13.00 UHR: Bildvortrag zum Sammeln von Mineralien im Ausland<br \/>\n14.00 UHR: Bildvortrag zum Sammeln von Fossilien in Gera und Umgebung<br \/>\n15.00 UHR: F\u00fchrung in der Ausstellung \u201cTektite &#8211; Die faszinierendsten Gl\u00e4ser der Erde\u201d mit Hinweisen zum Sammeln<\/td>\n<td style=\"height: 49px;\"><\/td>\n<\/tr>\n<tr class=\"row-a\" style=\"height: 66px;\">\n<td style=\"height: 66px;\"><strong>Freitag, 20. M\u00e4rz 2026, 18.00 Uhr<br \/>\n<\/strong>Bildvortrag &#8222;Namibia &#8211; Sammeln unter der Sonne Afrikas&#8220;<br \/>\nTeil 3: Von der Skelettk\u00fcste nach Windhoek&#8220;<br \/>\nReferent: Herr Dipl.-Min. Matthias Sehrig \/ Chemnitz<\/td>\n<td style=\"height: 66px;\"><\/td>\n<\/tr>\n<tr class=\"row-b\" style=\"height: 49px;\">\n<td style=\"height: 49px;\"><strong>Freitag, 17. April 2026, 18.00 Uhr<br \/>\n<\/strong>Bildvortrag &#8222;Der Einfluss Preu\u00dfens auf den Bergbau im Kamsdorf-Go\u00dfwitzer Revier&#8220; Teil 1<br \/>\nReferent: Herr Dieter Langhammer \/ Gera<\/td>\n<td style=\"height: 49px;\"><\/td>\n<\/tr>\n<tr class=\"row-a\" style=\"height: 71px;\">\n<td style=\"height: 71px;\"><strong>Sonntag, 17. Mai 2026<br \/>\n11.00 Uhr<br \/>\n<\/strong>Ausstellungser\u00f6ffnung &#8222;Neupr\u00e4sentation der Minerale des Kuhbergbruchs Neum\u00fchle \/ Greiz&#8220; und &#8222;LITHIUM &#8211; Das weltweit begehrte wei\u00dfe Gold&#8220; im Museum f\u00fcr Naturkunde Gera<br \/>\n<strong>11.00 bis 15.00 Uhr<\/strong><br \/>\nMineralien- und Fossilienb\u00f6rse zum Kaufen, Tauschen und Staunen mit Mitgliedern der Geraer Mineralien- und Fossilienfreunde<\/td>\n<td style=\"height: 71px;\"><\/td>\n<\/tr>\n<tr class=\"row-b\" style=\"height: 49px;\">\n<td style=\"height: 49px;\"><strong>Samstag, 6. Juni 2026, 10.00 &#8211; 15.00 Uhr<br \/>\n<\/strong>Veranstaltung: \u201eMineralientreff im Juni\u201c im Hof des Museums f\u00fcr Naturkunde Gera<\/td>\n<td style=\"height: 49px;\"><\/td>\n<\/tr>\n<tr class=\"row-a\" style=\"height: 66px;\">\n<td style=\"height: 66px;\"><strong>Freitag, 14. August 2026, 18.00 Uhr<br \/>\n<\/strong>Bildvortrag &#8222;Gips &#8211; Das Mineral des Jahres 2026: Vorkommen der sch\u00f6nsten Kristalle, Erscheinungsvielfalt und Verwendung&#8220;<br \/>\nReferent: Herr Frank Hrauda \/ Gera<\/td>\n<td style=\"height: 66px;\"><\/td>\n<\/tr>\n<tr class=\"row-b\" style=\"height: 33px;\">\n<td style=\"height: 33px;\"><strong>Samstag, 12. September 2026, 10.00 &#8211; 16.00 Uhr<br \/>\n<\/strong>Veranstaltung: &#8222;49. Ostth\u00fcringer Mineralien- und Fossilienb\u00f6rse&#8220;<br \/>\nKultur- und Kongresszentrum Gera<\/td>\n<td style=\"height: 33px;\"><\/td>\n<\/tr>\n<tr class=\"row-a\" style=\"height: 66px;\">\n<td style=\"height: 66px;\"><strong>Freitag, 16. Oktober 2026, 18.00 Uhr<br \/>\n<\/strong>Bildvortrag &#8222;Mineralfundstellen im Schleizer Oberland Teil 3 &#8211; Von der Saalestaumauer flussaufw\u00e4rts: Eisen, Gold und Kupfer&#8220;<br \/>\nReferent: Herr Daniel K\u00f6hler \/ Gera<\/td>\n<td style=\"height: 66px;\"><\/td>\n<\/tr>\n<tr class=\"row-b\" style=\"height: 49px;\">\n<td style=\"height: 49px;\"><strong>Freitag, 20. November 2026, 18.00 Uhr<br \/>\n<\/strong>Bildvortrag &#8222;Am S\u00fcdostrand des Bergaer Sattels: von Waldhaus \u00fcber Neum\u00fchle bis Kleinreinsdorf&#8220;<br \/>\nReferent: Herr Dr. Wieland Zahn \/ Werdau<\/td>\n<td style=\"height: 49px;\"><\/td>\n<\/tr>\n<tr class=\"row-a\" style=\"height: 33px;\">\n<td style=\"height: 33px;\"><\/td>\n<td style=\"height: 33px;\"><\/td>\n<\/tr>\n<tr class=\"row-a\" style=\"height: 49px;\">\n<td style=\"height: 49px;\"><\/td>\n<td style=\"height: 49px;\"><\/td>\n<\/tr>\n<tr class=\"row-a\" style=\"height: 49px;\">\n<td style=\"height: 49px;\"><\/td>\n<td style=\"height: 49px;\"><\/td>\n<\/tr>\n<tr class=\"row-a\" style=\"height: 49px;\">\n<td style=\"height: 49px;\"><\/td>\n<td style=\"height: 49px;\"><\/td>\n<\/tr>\n<tr class=\"row-a\" style=\"height: 49px;\">\n<td style=\"height: 49px;\"><\/td>\n<td style=\"height: 49px;\"><\/td>\n<\/tr>\n<\/tbody>\n<\/table>\n<p>Alle Angaben ohne Gew\u00e4hr!<\/p>\n","protected":false},"excerpt":{"rendered":"<p>Vortragsveranstaltungen des Vereins finden im Museum f\u00fcr Naturkunde Gera (Nicolaiberg 3, 07545 Gera) statt. Nach Vortragsbeginn besteht keine M\u00f6glichkeit zum Einlass mehr. Die Vereinsmitglieder und G\u00e4ste k\u00f6nnen sich bereits ab 17.00 Uhr treffen. Die Jahreshauptversammlung ist intern. Wir freuen uns \u00fcber Ihren Besuch unserer \u00f6ffentlichen Veranstaltungen! Alle Angaben ohne Gew\u00e4hr. Freitag, 20. Februar 2026, 18.00 [&hellip;]<\/p>\n","protected":false},"author":1,"featured_media":0,"parent":0,"menu_order":0,"comment_status":"closed","ping_status":"closed","template":"","meta":{"footnotes":""},"class_list":["post-51","page","type-page","status-publish","hentry"],"_links":{"self":[{"href":"https:\/\/geraer-mineralienfreunde.de\/gmfv4\/wp-json\/wp\/v2\/pages\/51","targetHints":{"allow":["GET"]}}],"collection":[{"href":"https:\/\/geraer-mineralienfreunde.de\/gmfv4\/wp-json\/wp\/v2\/pages"}],"about":[{"href":"https:\/\/geraer-mineralienfreunde.de\/gmfv4\/wp-json\/wp\/v2\/types\/page"}],"author":[{"embeddable":true,"href":"https:\/\/geraer-mineralienfreunde.de\/gmfv4\/wp-json\/wp\/v2\/users\/1"}],"replies":[{"embeddable":true,"href":"https:\/\/geraer-mineralienfreunde.de\/gmfv4\/wp-json\/wp\/v2\/comments?post=51"}],"version-history":[{"count":89,"href":"https:\/\/geraer-mineralienfreunde.de\/gmfv4\/wp-json\/wp\/v2\/pages\/51\/revisions"}],"predecessor-version":[{"id":737,"href":"https:\/\/geraer-mineralienfreunde.de\/gmfv4\/wp-json\/wp\/v2\/pages\/51\/revisions\/737"}],"wp:attachment":[{"href":"https:\/\/geraer-mineralienfreunde.de\/gmfv4\/wp-json\/wp\/v2\/media?parent=51"}],"curies":[{"name":"wp","href":"https:\/\/api.w.org\/{rel}","templated":true}]}}