{"id":22,"date":"2016-11-05T17:08:22","date_gmt":"2016-11-05T16:08:22","guid":{"rendered":"http:\/\/geraer-mineralienfreunde.de\/gmfv4\/?page_id=22"},"modified":"2016-11-06T11:58:24","modified_gmt":"2016-11-06T10:58:24","slug":"was-wir-tun","status":"publish","type":"page","link":"https:\/\/geraer-mineralienfreunde.de\/gmfv4\/was-wir-tun\/","title":{"rendered":"Was wir tun"},"content":{"rendered":"<p style=\"text-align: justify;\">\n<p style=\"text-align: justify;\"><img loading=\"lazy\" decoding=\"async\" class=\"alignnone wp-image-48 size-large\" src=\"http:\/\/geraer-mineralienfreunde.de\/gmfv4\/wp-content\/uploads\/2016\/11\/013-1024x768.jpg\" alt=\"013\" width=\"676\" height=\"507\" srcset=\"https:\/\/geraer-mineralienfreunde.de\/gmfv4\/wp-content\/uploads\/2016\/11\/013-1024x768.jpg 1024w, https:\/\/geraer-mineralienfreunde.de\/gmfv4\/wp-content\/uploads\/2016\/11\/013-300x225.jpg 300w, https:\/\/geraer-mineralienfreunde.de\/gmfv4\/wp-content\/uploads\/2016\/11\/013-768x576.jpg 768w, https:\/\/geraer-mineralienfreunde.de\/gmfv4\/wp-content\/uploads\/2016\/11\/013-676x507.jpg 676w\" sizes=\"auto, (max-width: 676px) 100vw, 676px\" \/><\/p>\n<p style=\"text-align: justify;\">Seit 1975 bilden die Geraer Mineralien- und Fossilienfreunde eine Plattform f\u00fcr Mineraliensammler und Fossilienliebhaber in Ostth\u00fcringen. Ehemals als Fachgruppe des Kulturbundes wurde aus der Gruppe nach der Wiedervereinigung Deutschlands ein eingetragener Verein, der sich der Allgemeinn\u00fctzigkeit verpflichtet, getreu den Vorgaben seiner Satzung. So sind in den \u00fcber 30 Jahren seiner Existenz erstaunliche Leistungen Zustande gekommen und das ist vor allem der Vielschichtigkeit der Interessen der Mitglieder zu verdanken. Der eine interessiert sich f\u00fcr ein bestimmtes Mineral, der andere f\u00fcr eine bestimmte Lagerst\u00e4tte, f\u00fcr das Schleifen von Edelsteinen, f\u00fcr Fossilien oder Bergbaugeschichte. Der Verein besch\u00e4ftigte sich von Beginn an nicht nur mit sich selbst, sondern versuchte von Anfang an durch Ausstellungen, anderen die \u201eWelt der Mineralien und Fossilien\u201c zu erschlie\u00dfen. Gestaltete Schaufenster in der Apotheke auf der Sorge, eine Beteiligung an Ausstellungen im ehemaligen Ausstellungsgel\u00e4nde und im Kultur- und Kongresszentrum, die Sonderausstellung \u201eOstth\u00fcringische Minerale\u201c 1991 im Museum f\u00fcr Naturkunde, die Mitwirkung an der Vorbereitung und am Aufbau der st\u00e4ndigen Mineralausstellungen im Museum f\u00fcr Naturkunde \u201eMinerale -Bausteine der Erdkruste\u201c und besonders \u201eMinerale und Bergbau Ostth\u00fcringens\u201c, zahlreiche Sonderausstellungen im Museum; das sind Stationen auf dem Weg, der 2006\/2007 durch die Zechsteinausstellung wieder einen H\u00f6hepunkt erfahren hat. Ein wesentlicher Bestandteil unserer \u00d6ffentlichkeitsarbeit sind Ver\u00f6ffentlichungen von Vereinsmitgliedern in \u201eLapis\u201c, der \u201eMineralienwelt\u201c, im \u201eAufschluss\u201c, in der Ver\u00f6ffentlichungsreihe des Museums f\u00fcr Naturkunde Gera und vor allem die monatlich stattfinden Vortr\u00e4ge im Barocksaal des Museums, die sicherlich im Jahre 2000 als gro\u00dfes Kolloquium ihren H\u00f6hepunkt hatten. Ein wichtiger, nicht hoch genug einzusch\u00e4tzender Aspekt der \u00d6ffentlichkeitsarbeit besteht in der Heranf\u00fchrung von Kindern und Jugendlichen an unser sch\u00f6nes Hobby. Die Kinder-\u00a0 und Jugendgruppe ist heute nicht mehr wegzudenken. Tauschtage und nach der Wende B\u00f6rsen geh\u00f6ren ebenso seit 1976 zum Erscheinungsbild der Fachgruppe und des heutigen Vereins. Heute findet j\u00e4hrlich die Ostth\u00fcringer Mineralien- und Fossilienb\u00f6rse durch den Verein statt. Mit Sonderaktionen und Ausstellungen werden diese Veranstaltungen bereichert.<\/p>\n<p style=\"text-align: justify;\">So werden Sie bei uns Mitglied:<br \/>\nKommen Sie zu unseren monatlichen Vortr\u00e4gen, machen Sie sich selbst ein Bild \u00fcber unser Vereinsleben. Sollten Sie Interesse daran haben mitzuarbeiten, dann wenden Sie sich bitte an unseren Vorstand.<\/p>\n","protected":false},"excerpt":{"rendered":"<p>Seit 1975 bilden die Geraer Mineralien- und Fossilienfreunde eine Plattform f\u00fcr Mineraliensammler und Fossilienliebhaber in Ostth\u00fcringen. Ehemals als Fachgruppe des Kulturbundes wurde aus der Gruppe nach der Wiedervereinigung Deutschlands ein eingetragener Verein, der sich der Allgemeinn\u00fctzigkeit verpflichtet, getreu den Vorgaben seiner Satzung. So sind in den \u00fcber 30 Jahren seiner Existenz erstaunliche Leistungen Zustande gekommen [&hellip;]<\/p>\n","protected":false},"author":1,"featured_media":0,"parent":0,"menu_order":0,"comment_status":"closed","ping_status":"closed","template":"","meta":{"footnotes":""},"class_list":["post-22","page","type-page","status-publish","hentry"],"_links":{"self":[{"href":"https:\/\/geraer-mineralienfreunde.de\/gmfv4\/wp-json\/wp\/v2\/pages\/22","targetHints":{"allow":["GET"]}}],"collection":[{"href":"https:\/\/geraer-mineralienfreunde.de\/gmfv4\/wp-json\/wp\/v2\/pages"}],"about":[{"href":"https:\/\/geraer-mineralienfreunde.de\/gmfv4\/wp-json\/wp\/v2\/types\/page"}],"author":[{"embeddable":true,"href":"https:\/\/geraer-mineralienfreunde.de\/gmfv4\/wp-json\/wp\/v2\/users\/1"}],"replies":[{"embeddable":true,"href":"https:\/\/geraer-mineralienfreunde.de\/gmfv4\/wp-json\/wp\/v2\/comments?post=22"}],"version-history":[{"count":5,"href":"https:\/\/geraer-mineralienfreunde.de\/gmfv4\/wp-json\/wp\/v2\/pages\/22\/revisions"}],"predecessor-version":[{"id":49,"href":"https:\/\/geraer-mineralienfreunde.de\/gmfv4\/wp-json\/wp\/v2\/pages\/22\/revisions\/49"}],"wp:attachment":[{"href":"https:\/\/geraer-mineralienfreunde.de\/gmfv4\/wp-json\/wp\/v2\/media?parent=22"}],"curies":[{"name":"wp","href":"https:\/\/api.w.org\/{rel}","templated":true}]}}