{"id":19,"date":"2016-11-05T17:06:08","date_gmt":"2016-11-05T16:06:08","guid":{"rendered":"http:\/\/geraer-mineralienfreunde.de\/gmfv4\/?page_id=19"},"modified":"2016-11-06T12:05:23","modified_gmt":"2016-11-06T11:05:23","slug":"impressum","status":"publish","type":"page","link":"https:\/\/geraer-mineralienfreunde.de\/gmfv4\/impressum\/","title":{"rendered":"Impressum"},"content":{"rendered":"<p align=\"left\">http:\/\/www.geraer-mineralienfreunde.de<\/p>\n<p align=\"left\">Betreiber der Homepage: Geraer Mineralien- und Fossilienfreunde e. V.<\/p>\n<p align=\"left\">Eingetragen im Vereinsregister beim Amtsgericht Gera unter VR 280522.<\/p>\n<p align=\"left\">Gesch\u00e4ftsstelle: F. Hrauda, Zeulenrodaer Stra\u00dfe 31, 07549 Gera<\/p>\n<p>E-Mail: <a href=\"mailto:vorstand@geraer-mineralienfreunde.de?subject=Nachricht%20von%20Besucher%20der%20Vereinshomepage\">vorstand@geraer-mineralienfreunde.de<\/a><\/p>\n<p>&nbsp;<\/p>\n<p>Trotz sorgf\u00e4ltigster Auswahl der verlinkten Seiten kann f\u00fcr deren Inhalte keine Haftung \u00fcbernommen werden.<\/p>\n<p>F\u00fcr Inhalte dieser Seite sind Irrtum und \u00c4nderungen vorbehalten.<\/p>\n<p>Die Weiterverwendung jedweder Inhalte bedarf der schriftlichen Genehmigung<br \/>\ndurch den Geraer Mineralien- und Fossilienfreunde e.V.<\/p>\n","protected":false},"excerpt":{"rendered":"<p>http:\/\/www.geraer-mineralienfreunde.de Betreiber der Homepage: Geraer Mineralien- und Fossilienfreunde e. V. Eingetragen im Vereinsregister beim Amtsgericht Gera unter VR 280522. Gesch\u00e4ftsstelle: F. Hrauda, Zeulenrodaer Stra\u00dfe 31, 07549 Gera E-Mail: vorstand@geraer-mineralienfreunde.de &nbsp; Trotz sorgf\u00e4ltigster Auswahl der verlinkten Seiten kann f\u00fcr deren Inhalte keine Haftung \u00fcbernommen werden. F\u00fcr Inhalte dieser Seite sind Irrtum und \u00c4nderungen vorbehalten. Die Weiterverwendung [&hellip;]<\/p>\n","protected":false},"author":1,"featured_media":0,"parent":0,"menu_order":0,"comment_status":"closed","ping_status":"closed","template":"","meta":{"footnotes":""},"class_list":["post-19","page","type-page","status-publish","hentry"],"_links":{"self":[{"href":"https:\/\/geraer-mineralienfreunde.de\/gmfv4\/wp-json\/wp\/v2\/pages\/19","targetHints":{"allow":["GET"]}}],"collection":[{"href":"https:\/\/geraer-mineralienfreunde.de\/gmfv4\/wp-json\/wp\/v2\/pages"}],"about":[{"href":"https:\/\/geraer-mineralienfreunde.de\/gmfv4\/wp-json\/wp\/v2\/types\/page"}],"author":[{"embeddable":true,"href":"https:\/\/geraer-mineralienfreunde.de\/gmfv4\/wp-json\/wp\/v2\/users\/1"}],"replies":[{"embeddable":true,"href":"https:\/\/geraer-mineralienfreunde.de\/gmfv4\/wp-json\/wp\/v2\/comments?post=19"}],"version-history":[{"count":2,"href":"https:\/\/geraer-mineralienfreunde.de\/gmfv4\/wp-json\/wp\/v2\/pages\/19\/revisions"}],"predecessor-version":[{"id":56,"href":"https:\/\/geraer-mineralienfreunde.de\/gmfv4\/wp-json\/wp\/v2\/pages\/19\/revisions\/56"}],"wp:attachment":[{"href":"https:\/\/geraer-mineralienfreunde.de\/gmfv4\/wp-json\/wp\/v2\/media?parent=19"}],"curies":[{"name":"wp","href":"https:\/\/api.w.org\/{rel}","templated":true}]}}